{"id":1005,"date":"2015-01-20T16:09:51","date_gmt":"2015-01-20T14:09:51","guid":{"rendered":"http:\/\/www.mmi.rwth-aachen.de\/?page_id=1005"},"modified":"2024-08-06T10:11:58","modified_gmt":"2024-08-06T08:11:58","slug":"site-credits","status":"publish","type":"page","link":"https:\/\/www.mmi.rwth-aachen.de\/en\/site-credits\/","title":{"rendered":"Site Credits"},"content":{"rendered":"<div class=\"wpb-content-wrapper\"><p>[vc_row][vc_column][vc_column_text]<\/p>\n<h1>Site Credits<\/h1>\n<h2 class=\"Zwischenueberschrift\">Publisher<\/h2>\n<p>Published on behalf of the Rector of RWTH Aachen University.<\/p>\n<p>RWTH Aachen<br \/>\nTemplergraben 55<br \/>\n52056 Aachen<\/p>\n<p>Phone: +49 241 80-1<br \/>\nFax: +49 241 80-92312<\/p>\n<p>Web: <a class=\"internal\" href=\"http:\/\/www.rwth-aachen.de\/\">www.rwth-aachen.de<\/a><\/p>\n<p>RWTH Aachen University is a public institution represented by the Rector, University Professor Ernst M. Schmachtenberg.<\/p>\n<h2 class=\"Zwischenueberschrift\">Regulatory Authority<\/h2>\n<p>The Ministry of Innovation, Science, Research, and Technology of the Federal State of North Rhine-Westphalia, V\u00f6lklinger Stra\u00dfe 49, 40221 D\u00fcsseldorf.<\/p>\n<h2 class=\"Zwischenueberschrift\">Sales Tax Identification Number<\/h2>\n<p>In accordance with \u00a7 27 Sales Tax Law: DE 121689807<\/p>\n<h2 class=\"Zwischenueberschrift\">Content Liability<\/h2>\n<p>The editors of the webpages make every effort to keep the university&#8217;s web content accurate and up to date.<\/p>\n<p>Contact Person: Univ.-Prof. Dr.-Ing. J\u00fcrgen Ro\u00dfmann<br \/>\nIm S\u00fcsterfeld 9<br \/>\n52072 Aachen<\/p>\n<p>Phone: +49 241 80-26101<br \/>\nEmail: <a href=\"mailto:sekretariat@mmi.rwth-aachen.de\">sekretariat@mmi.rwth-aachen.de<\/a><\/p>\n<p>Webmaster:<br \/>\nRichard Muschiol<br \/>\nIm S\u00fcsterfeld 9<br \/>\n52072 Aachen<\/p>\n<p>Phone: +49 241 80-26168<br \/>\nEmail: <a href=\"mailto:muschiol@mmi.rwth-aachen.de\">muschiol@mmi.rwth-aachen.de<\/a><\/p>\n<p>The web content of the Central University Administration, central administration facilities, group representatives, institutes, chairs, and research areas are coordinated independently under the direction of apppointed web coordinators and webmasters.\u00a0 Information for questions on liability can be found in the <a class=\"internal\" title=\"Disclaimer\" href=\"http:\/\/www.mmi.rwth-aachen.de\/en\/disclaimer\/\">Disclaimer<\/a>.[\/vc_column_text][\/vc_column][\/vc_row]<\/p>\n<\/div>","protected":false},"excerpt":{"rendered":"<p>[vc_row][vc_column][vc_column_text] Site Credits Publisher Published on behalf of the Rector of RWTH Aachen University. RWTH Aachen Templergraben 55 52056 Aachen&#8230;  <a class=\"excerpt-read-more\" href=\"https:\/\/www.mmi.rwth-aachen.de\/en\/site-credits\/\" title=\"Read Site Credits\">Read more &raquo;<\/a><\/p>\n","protected":false},"author":4,"featured_media":0,"parent":0,"menu_order":0,"comment_status":"closed","ping_status":"closed","template":"page-custom.php","meta":{"_acf_changed":false,"footnotes":""},"class_list":["post-1005","page","type-page","status-publish","hentry"],"acf":[],"yoast_head":"<!-- This site is optimized with the Yoast SEO plugin v27.5 - https:\/\/yoast.com\/product\/yoast-seo-wordpress\/ -->\n<title>Site Credits - MMI RWTH Aachen<\/title>\n<meta name=\"robots\" content=\"index, follow, max-snippet:-1, max-image-preview:large, max-video-preview:-1\" \/>\n<link rel=\"canonical\" href=\"https:\/\/www.mmi.rwth-aachen.de\/en\/site-credits\/\" \/>\n<meta property=\"og:locale\" content=\"en_US\" \/>\n<meta property=\"og:type\" content=\"article\" \/>\n<meta property=\"og:title\" content=\"Site Credits - MMI RWTH Aachen\" \/>\n<meta property=\"og:description\" content=\"[vc_row][vc_column][vc_column_text] Site Credits Publisher Published on behalf of the Rector of RWTH Aachen University. RWTH Aachen Templergraben 55 52056 Aachen... Read more &raquo;\" \/>\n<meta property=\"og:url\" content=\"https:\/\/www.mmi.rwth-aachen.de\/en\/site-credits\/\" \/>\n<meta property=\"og:site_name\" content=\"MMI RWTH Aachen\" \/>\n<meta property=\"article:modified_time\" content=\"2024-08-06T08:11:58+00:00\" \/>\n<meta name=\"twitter:label1\" content=\"Est. reading time\" \/>\n\t<meta name=\"twitter:data1\" content=\"1 minute\" \/>\n<script type=\"application\/ld+json\" class=\"yoast-schema-graph\">{\"@context\":\"https:\\\/\\\/schema.org\",\"@graph\":[{\"@type\":\"WebPage\",\"@id\":\"https:\\\/\\\/www.mmi.rwth-aachen.de\\\/en\\\/site-credits\\\/\",\"url\":\"https:\\\/\\\/www.mmi.rwth-aachen.de\\\/en\\\/site-credits\\\/\",\"name\":\"Site Credits - MMI RWTH Aachen\",\"isPartOf\":{\"@id\":\"https:\\\/\\\/www.mmi.rwth-aachen.de\\\/#website\"},\"datePublished\":\"2015-01-20T14:09:51+00:00\",\"dateModified\":\"2024-08-06T08:11:58+00:00\",\"breadcrumb\":{\"@id\":\"https:\\\/\\\/www.mmi.rwth-aachen.de\\\/en\\\/site-credits\\\/#breadcrumb\"},\"inLanguage\":\"en-US\",\"potentialAction\":[{\"@type\":\"ReadAction\",\"target\":[\"https:\\\/\\\/www.mmi.rwth-aachen.de\\\/en\\\/site-credits\\\/\"]}]},{\"@type\":\"BreadcrumbList\",\"@id\":\"https:\\\/\\\/www.mmi.rwth-aachen.de\\\/en\\\/site-credits\\\/#breadcrumb\",\"itemListElement\":[{\"@type\":\"ListItem\",\"position\":1,\"name\":\"Home\",\"item\":\"https:\\\/\\\/www.mmi.rwth-aachen.de\\\/en\\\/\"},{\"@type\":\"ListItem\",\"position\":2,\"name\":\"Site Credits\"}]},{\"@type\":\"WebSite\",\"@id\":\"https:\\\/\\\/www.mmi.rwth-aachen.de\\\/#website\",\"url\":\"https:\\\/\\\/www.mmi.rwth-aachen.de\\\/\",\"name\":\"MMI RWTH Aachen\",\"description\":\"Mensch Maschine Interaktion\",\"potentialAction\":[{\"@type\":\"SearchAction\",\"target\":{\"@type\":\"EntryPoint\",\"urlTemplate\":\"https:\\\/\\\/www.mmi.rwth-aachen.de\\\/?s={search_term_string}\"},\"query-input\":{\"@type\":\"PropertyValueSpecification\",\"valueRequired\":true,\"valueName\":\"search_term_string\"}}],\"inLanguage\":\"en-US\"}]}<\/script>\n<!-- \/ Yoast SEO plugin. -->","yoast_head_json":{"title":"Site Credits - MMI RWTH Aachen","robots":{"index":"index","follow":"follow","max-snippet":"max-snippet:-1","max-image-preview":"max-image-preview:large","max-video-preview":"max-video-preview:-1"},"canonical":"https:\/\/www.mmi.rwth-aachen.de\/en\/site-credits\/","og_locale":"en_US","og_type":"article","og_title":"Site Credits - MMI RWTH Aachen","og_description":"[vc_row][vc_column][vc_column_text] Site Credits Publisher Published on behalf of the Rector of RWTH Aachen University. RWTH Aachen Templergraben 55 52056 Aachen... Read more &raquo;","og_url":"https:\/\/www.mmi.rwth-aachen.de\/en\/site-credits\/","og_site_name":"MMI RWTH Aachen","article_modified_time":"2024-08-06T08:11:58+00:00","twitter_misc":{"Est. reading time":"1 minute"},"schema":{"@context":"https:\/\/schema.org","@graph":[{"@type":"WebPage","@id":"https:\/\/www.mmi.rwth-aachen.de\/en\/site-credits\/","url":"https:\/\/www.mmi.rwth-aachen.de\/en\/site-credits\/","name":"Site Credits - MMI RWTH Aachen","isPartOf":{"@id":"https:\/\/www.mmi.rwth-aachen.de\/#website"},"datePublished":"2015-01-20T14:09:51+00:00","dateModified":"2024-08-06T08:11:58+00:00","breadcrumb":{"@id":"https:\/\/www.mmi.rwth-aachen.de\/en\/site-credits\/#breadcrumb"},"inLanguage":"en-US","potentialAction":[{"@type":"ReadAction","target":["https:\/\/www.mmi.rwth-aachen.de\/en\/site-credits\/"]}]},{"@type":"BreadcrumbList","@id":"https:\/\/www.mmi.rwth-aachen.de\/en\/site-credits\/#breadcrumb","itemListElement":[{"@type":"ListItem","position":1,"name":"Home","item":"https:\/\/www.mmi.rwth-aachen.de\/en\/"},{"@type":"ListItem","position":2,"name":"Site Credits"}]},{"@type":"WebSite","@id":"https:\/\/www.mmi.rwth-aachen.de\/#website","url":"https:\/\/www.mmi.rwth-aachen.de\/","name":"MMI RWTH Aachen","description":"Mensch Maschine Interaktion","potentialAction":[{"@type":"SearchAction","target":{"@type":"EntryPoint","urlTemplate":"https:\/\/www.mmi.rwth-aachen.de\/?s={search_term_string}"},"query-input":{"@type":"PropertyValueSpecification","valueRequired":true,"valueName":"search_term_string"}}],"inLanguage":"en-US"}]}},"_links":{"self":[{"href":"https:\/\/www.mmi.rwth-aachen.de\/en\/wp-json\/wp\/v2\/pages\/1005","targetHints":{"allow":["GET"]}}],"collection":[{"href":"https:\/\/www.mmi.rwth-aachen.de\/en\/wp-json\/wp\/v2\/pages"}],"about":[{"href":"https:\/\/www.mmi.rwth-aachen.de\/en\/wp-json\/wp\/v2\/types\/page"}],"author":[{"embeddable":true,"href":"https:\/\/www.mmi.rwth-aachen.de\/en\/wp-json\/wp\/v2\/users\/4"}],"replies":[{"embeddable":true,"href":"https:\/\/www.mmi.rwth-aachen.de\/en\/wp-json\/wp\/v2\/comments?post=1005"}],"version-history":[{"count":3,"href":"https:\/\/www.mmi.rwth-aachen.de\/en\/wp-json\/wp\/v2\/pages\/1005\/revisions"}],"predecessor-version":[{"id":16864,"href":"https:\/\/www.mmi.rwth-aachen.de\/en\/wp-json\/wp\/v2\/pages\/1005\/revisions\/16864"}],"wp:attachment":[{"href":"https:\/\/www.mmi.rwth-aachen.de\/en\/wp-json\/wp\/v2\/media?parent=1005"}],"curies":[{"name":"wp","href":"https:\/\/api.w.org\/{rel}","templated":true}]}}